{"id":1119,"date":"2025-11-20T21:17:07","date_gmt":"2025-11-20T21:17:07","guid":{"rendered":"https:\/\/hausofmoneytv.com\/?page_id=1119"},"modified":"2025-11-20T21:23:49","modified_gmt":"2025-11-20T21:23:49","slug":"reseller","status":"publish","type":"page","link":"https:\/\/hausofmoneytv.com\/de\/reseller\/","title":{"rendered":"Wiederverk\u00e4ufer\u00a0"},"content":{"rendered":"<div data-elementor-type=\"wp-page\" data-elementor-id=\"1119\" class=\"elementor elementor-1119\" data-elementor-post-type=\"page\">\n\t\t\t\t<div class=\"elementor-element elementor-element-4350b0d e-con-full e-flex e-con e-parent\" data-id=\"4350b0d\" data-element_type=\"container\" data-e-type=\"container\" data-settings=\"{&quot;background_background&quot;:&quot;classic&quot;}\">\n\t\t<div class=\"elementor-element elementor-element-07ebf99 e-flex e-con-boxed e-con e-child\" data-id=\"07ebf99\" data-element_type=\"container\" data-e-type=\"container\" data-settings=\"{&quot;background_background&quot;:&quot;classic&quot;}\">\n\t\t\t\t\t<div class=\"e-con-inner\">\n\t\t\t\t<div class=\"elementor-element elementor-element-a379afc elementor-widget elementor-widget-heading\" data-id=\"a379afc\" data-element_type=\"widget\" data-e-type=\"widget\" data-widget_type=\"heading.default\">\n\t\t\t\t<div class=\"elementor-widget-container\">\n\t\t\t\t\t<h2 class=\"elementor-heading-title elementor-size-default\">Wiede<span style=\"color: #9ef01a\">rverk\u00e4ufer <\/span><\/h2>\t\t\t\t<\/div>\n\t\t\t\t<\/div>\n\t\t\t\t<div class=\"elementor-element elementor-element-4411b3c elementor-widget elementor-widget-text-editor\" data-id=\"4411b3c\" data-element_type=\"widget\" data-e-type=\"widget\" data-widget_type=\"text-editor.default\">\n\t\t\t\t<div class=\"elementor-widget-container\">\n\t\t\t\t\t\t\t\t\t<p><strong>Willkommen bei Hausofmoneytv<\/strong><\/p><p>M\u00f6chtest du unserem Team beitreten?<\/p><p>M\u00f6chten Sie in die IPTV-Branche einsteigen? Haben Sie Kommunikationsprobleme mit Ihrem aktuellen Server?<\/p><p>Haben Sie Probleme beim Aktualisieren von Programmen, insbesondere von VOD-Inhalten?<\/p><p>Haben Sie Handelsstreitigkeiten erlebt? Fehlt es Ihnen an Unterst\u00fctzung und Hilfe?<\/p><p>Haben Sie finanzielle Vertrauensprobleme?<\/p><p>Lassen Sie uns besprechen, wie wir die Zufriedenheit Ihrer Mitglieder verbessern k\u00f6nnen, bevor wir unsere Pl\u00e4ne starten.<\/p><p>Bei Hausofmoneytv k\u00f6nnen Sie sich darauf verlassen, dass der Rest nur Details sind. Wir bieten all unseren Wiederverk\u00e4ufern eine solide Vertrauensbasis, die es ihnen erm\u00f6glicht, ein starkes Team aufzubauen und hohe Qualit\u00e4t zu demonstrieren.<\/p>\t\t\t\t\t\t\t\t<\/div>\n\t\t\t\t<\/div>\n\t\t\t\t\t<\/div>\n\t\t\t\t<\/div>\n\t\t\t\t<\/div>\n\t\t\t\t<\/div>","protected":false},"excerpt":{"rendered":"<p>Rerselle Welcome to Hausofmoneytv Want to join our team? Are you looking to enter the IPTV industry? Are you experiencing&#8230;<\/p>","protected":false},"author":1,"featured_media":0,"parent":0,"menu_order":0,"comment_status":"closed","ping_status":"closed","template":"elementor_header_footer","meta":{"footnotes":""},"class_list":["post-1119","page","type-page","status-publish","hentry"],"_links":{"self":[{"href":"https:\/\/hausofmoneytv.com\/de\/wp-json\/wp\/v2\/pages\/1119","targetHints":{"allow":["GET"]}}],"collection":[{"href":"https:\/\/hausofmoneytv.com\/de\/wp-json\/wp\/v2\/pages"}],"about":[{"href":"https:\/\/hausofmoneytv.com\/de\/wp-json\/wp\/v2\/types\/page"}],"author":[{"embeddable":true,"href":"https:\/\/hausofmoneytv.com\/de\/wp-json\/wp\/v2\/users\/1"}],"replies":[{"embeddable":true,"href":"https:\/\/hausofmoneytv.com\/de\/wp-json\/wp\/v2\/comments?post=1119"}],"version-history":[{"count":7,"href":"https:\/\/hausofmoneytv.com\/de\/wp-json\/wp\/v2\/pages\/1119\/revisions"}],"predecessor-version":[{"id":1127,"href":"https:\/\/hausofmoneytv.com\/de\/wp-json\/wp\/v2\/pages\/1119\/revisions\/1127"}],"wp:attachment":[{"href":"https:\/\/hausofmoneytv.com\/de\/wp-json\/wp\/v2\/media?parent=1119"}],"curies":[{"name":"wp","href":"https:\/\/api.w.org\/{rel}","templated":true}]}}